{"id":37,"date":"2020-12-17T10:28:37","date_gmt":"2020-12-17T10:28:37","guid":{"rendered":"https:\/\/celestina.web.uah.es\/wordpress\/?page_id=37"},"modified":"2021-06-05T20:07:23","modified_gmt":"2021-06-05T20:07:23","slug":"objetivos","status":"publish","type":"page","link":"https:\/\/celestina.web.uah.es\/wordpress\/objetivos\/","title":{"rendered":"Objetivos"},"content":{"rendered":"\n<p><\/p>\n\n\n\n<p>En el \u00e1mbito de la ingenier\u00eda el objetivo es la caracterizaci\u00f3n y mejora del rendimiento de las antenas y sistemas de recepci\u00f3n que la red e-CALLISTO usa por defecto, especialmente en aquellos par\u00e1metros m\u00e1s cr\u00edticos para nuestra propuesta cient\u00edfica (resoluci\u00f3n espectro-temporal, ganancia y umbral de frecuencia). La Universidad de Alcal\u00e1 cuenta con la experiencia y el acceso a los recursos id\u00f3neos para la caracterizaci\u00f3n de las antenas y la optimizaci\u00f3n de dichos par\u00e1metros. Entre las innovaciones perseguidas est\u00e1 la prueba de concepto de antenas de tipo \u201cleaky-wave\u201d en estrecha colaboraci\u00f3n con la Universidad Polit\u00e9cnica de Cartagena, que permitir\u00edan hacer un \u201crastreo en frecuencia\u201d de la corona solar con una combinaci\u00f3n de ganancia y resoluci\u00f3n angular in\u00e9dita hasta hoy. Los resultados tecnol\u00f3gicos de esta investigaci\u00f3n podr\u00e1n trasladarse al resto de nodos que conforman la red internacional, mejorando su capacidad cient\u00edfica.<\/p>\n\n\n\n<div class=\"wp-block-image\"><figure class=\"aligncenter size-large is-resized\"><img loading=\"lazy\" decoding=\"async\" src=\"https:\/\/celestina.web.uah.es\/wordpress\/wp-content\/uploads\/2021\/03\/IMG_1396-rotated.jpg\" alt=\"\" width=\"270\" height=\"480\"\/><figcaption>Antena CLP-5130<\/figcaption><\/figure><\/div>\n\n\n\n<p>La propuesta cient\u00edfica se centra en:<\/p>\n\n\n\n<ul class=\"wp-block-list\"><li>El dise\u00f1o de algoritmos m\u00e1s eficaces de discriminaci\u00f3n entre diferentes tipos de erupciones solares gracias a la mejora en resoluci\u00f3n espectral;<\/li><li>El estudio de la relaci\u00f3n temporal entre radioemisiones producidas en la corona solar, la magnetosfera terrestre (colaboraci\u00f3n con el Instituto de Radioastronom\u00eda de Ucrania) y la ionosfera para incrementar la capacidad de predecir tormentas solares; <\/li><li>La exploraci\u00f3n, gracias a una modificaci\u00f3n en el detector, de un rango de frecuencias (&lt; 45 MHz) apenas cubierto por las antenas de e-CALLISTO, de gran utilidad a la hora de combinar datos tierra-sat\u00e9lite. Se prestar\u00e1 especial atenci\u00f3n a la divulgaci\u00f3n de las actividades fruto de este proyecto en la regi\u00f3n, aprovechando el inter\u00e9s cultural e hist\u00f3rico de la ciudad de Sig\u00fcenza, donde se ubicar\u00e1 una de las estaciones mejoradas que aportaremos a la red e-CALLISTO.<\/li><\/ul>\n\n\n\n<p><\/p>\n\n\n\n<p><\/p>\n","protected":false},"excerpt":{"rendered":"<p>En el \u00e1mbito de la ingenier\u00eda el objetivo es la caracterizaci\u00f3n y mejora del rendimiento de las antenas y sistemas de recepci\u00f3n que la red e-CALLISTO usa por defecto, especialmente en aquellos par\u00e1metros m\u00e1s cr\u00edticos para nuestra propuesta cient\u00edfica (resoluci\u00f3n espectro-temporal, ganancia y umbral de frecuencia). La Universidad de Alcal\u00e1 cuenta con la experiencia y [&hellip;]<\/p>\n","protected":false},"author":1,"featured_media":0,"parent":0,"menu_order":0,"comment_status":"closed","ping_status":"closed","template":"","meta":{"footnotes":""},"class_list":["post-37","page","type-page","status-publish","hentry"],"_links":{"self":[{"href":"https:\/\/celestina.web.uah.es\/wordpress\/wp-json\/wp\/v2\/pages\/37","targetHints":{"allow":["GET"]}}],"collection":[{"href":"https:\/\/celestina.web.uah.es\/wordpress\/wp-json\/wp\/v2\/pages"}],"about":[{"href":"https:\/\/celestina.web.uah.es\/wordpress\/wp-json\/wp\/v2\/types\/page"}],"author":[{"embeddable":true,"href":"https:\/\/celestina.web.uah.es\/wordpress\/wp-json\/wp\/v2\/users\/1"}],"replies":[{"embeddable":true,"href":"https:\/\/celestina.web.uah.es\/wordpress\/wp-json\/wp\/v2\/comments?post=37"}],"version-history":[{"count":10,"href":"https:\/\/celestina.web.uah.es\/wordpress\/wp-json\/wp\/v2\/pages\/37\/revisions"}],"predecessor-version":[{"id":559,"href":"https:\/\/celestina.web.uah.es\/wordpress\/wp-json\/wp\/v2\/pages\/37\/revisions\/559"}],"wp:attachment":[{"href":"https:\/\/celestina.web.uah.es\/wordpress\/wp-json\/wp\/v2\/media?parent=37"}],"curies":[{"name":"wp","href":"https:\/\/api.w.org\/{rel}","templated":true}]}}