{"id":31,"date":"2020-12-17T10:21:57","date_gmt":"2020-12-17T10:21:57","guid":{"rendered":"https:\/\/celestina.web.uah.es\/wordpress\/?page_id=31"},"modified":"2025-02-22T12:25:37","modified_gmt":"2025-02-22T12:25:37","slug":"el-proyecto-celestina-ingles","status":"publish","type":"page","link":"https:\/\/celestina.web.uah.es\/wordpress\/","title":{"rendered":"Proyecto CELESTINA-SPARC"},"content":{"rendered":"\n<p>CELESTINA (<em>Castillian E-Callisto Leading Experimentation in Solar-Terrestrial Interaction with Novel Antennas)<\/em> es un proyecto del <em>Grupo de Investigaci\u00f3n <\/em>Espacial de la Universidad de Alcal\u00e1 (<a href=\"http:\/\/www.srg.uah.es\">http:\/\/www.srg.uah.es<\/a>) que tiene como objetivo principal liderar desde Castilla-La Mancha la participaci\u00f3n y contribuci\u00f3n cient\u00edfico-t\u00e9cnica de Espa\u00f1a, como miembro permanente, a la red internacional de radiotelescopios e-CALLISTO <a href=\"http:\/\/www.e-callisto.org\">(http:\/\/www.e-callisto.org)<\/a>. Esta red est\u00e1 dedicada al estudio en el espectro radioel\u00e9ctrico de la influencia de la variabilidad solar sobre nuestro planeta, en el marco de la <em>Iniciativa Internacional de Clima Espacial<\/em> (ISWI), acci\u00f3n prioritaria de la ONU por su inter\u00e9s social y econ\u00f3mico. Cuenta con un equipo de trabajo con un perfil complementario (ingenieros y astrof\u00edsicos), que aportan un valor a\u00f1adido a la combinar desarrollo instrumental en sistemas de radio con el an\u00e1lisis de datos astron\u00f3micos. <\/p>\n\n\n\n<p>Descarga nuestro <a href=\"http:\/\/atc2.aut.uah.es\/~mprieto\/tripticoELIS2022.pdf\">tr\u00edptico<\/a> y nuestros posters:  <a href=\"https:\/\/webs.um.es\/bussons\/celestina\/posterCasaDoncel1_SolTierra.pdf\">Un apasionante viaje desde el Sol hasta tu tejado<\/a>  \/\/  <a href=\"https:\/\/webs.um.es\/bussons\/celestina\/posterCasaDoncel2_Eclipses.pdf\">Eclipses<\/a>  \/\/  <a href=\"https:\/\/webs.um.es\/bussons\/celestina\/posterCasaDoncel4_callistoWorld.pdf\">e-Callisto en el mundo<\/a>  \/\/  <a href=\"https:\/\/webs.um.es\/bussons\/celestina\/posterCasaDoncel3_callistoSpain.pdf\">e-Callisto en Espa\u00f1a<\/a> . <\/p>\n\n\n<p>\n\t\t<div class=\"react-webcam\"\n\t\t\tdata-ajax-url=\"https:\/\/celestina.web.uah.es\/wordpress\/wp-admin\/admin-ajax.php\"\n\t\t\tdata-images-root-url=\"https:\/\/celestina.web.uah.es\/wordpress\/wp-content\/uploads\/webcam\/BoD\/\"\n\t\t\tdata-subdir=\"BoD\"\n\t\t\tdata-initial-image-filename=\"BoD_20251114.png\"\n\t\t\tdata-refresh-interval=\"60\">\n\t\t\t<center><img decoding=\"async\" src=\"https:\/\/celestina.web.uah.es\/wordpress\/wp-content\/uploads\/webcam\/BoD\/BoD_20251114.png\" title=\"BoD_20251114.png\"\/><\/center>\n\t\t\t<center>BoD_20251114.png<\/center>\n\t\t<\/div><br \/>\n<center>Radioerupci\u00f3n solar del d\u00eda<\/center><\/p>\n\n\n\n<p>Con este proyecto se establece la fase de explotaci\u00f3n cient\u00edfica del sistema de observaci\u00f3n radio-astron\u00f3mica CELESTINA, instalado en las localidades de Peralejos de las Truchas y Sig\u00fcenza. Contribuir a una mejor comprensi\u00f3n de la din\u00e1mica de las tormentas solares y ser completamente \u00abhecho en Castilla-La Mancha\u00bb: en una universidad castellana, con instrumentos y recursos castellanos y datos recogidos en zonas de nuestra regi\u00f3n. CELESTINA se complementa con un nodo e-Callisto instalado en la Escuela Polit\u00e9cnica Superior de la Universidad de Alcal\u00e1, que se emplea como referencia de localizaci\u00f3n en ambiente urbano con alto nivel de interferencia en el espectro radioel\u00e9ctrico (RFI, <em>interferencia de radiofrecuencia<\/em>). <\/p>\n\n\n<div class=\"wp-block-image\">\n<figure class=\"aligncenter size-large is-resized\"><img loading=\"lazy\" decoding=\"async\" src=\"https:\/\/celestina.web.uah.es\/wordpress\/wp-content\/uploads\/2021\/01\/L1030095-1024x683.jpg\" alt=\"\" class=\"wp-image-58\" width=\"768\" height=\"512\" srcset=\"https:\/\/celestina.web.uah.es\/wordpress\/wp-content\/uploads\/2021\/01\/L1030095-1024x683.jpg 1024w, https:\/\/celestina.web.uah.es\/wordpress\/wp-content\/uploads\/2021\/01\/L1030095-300x200.jpg 300w, https:\/\/celestina.web.uah.es\/wordpress\/wp-content\/uploads\/2021\/01\/L1030095-768x513.jpg 768w, https:\/\/celestina.web.uah.es\/wordpress\/wp-content\/uploads\/2021\/01\/L1030095-1536x1025.jpg 1536w, https:\/\/celestina.web.uah.es\/wordpress\/wp-content\/uploads\/2021\/01\/L1030095-2048x1367.jpg 2048w, https:\/\/celestina.web.uah.es\/wordpress\/wp-content\/uploads\/2021\/01\/L1030095-1568x1046.jpg 1568w\" sizes=\"auto, (max-width: 768px) 100vw, 768px\" \/><figcaption>R\u00edo Tajo a su paso por el radiotelescopio de Peralejos de las Truchas<\/figcaption><\/figure>\n<\/div>\n\n\n<p>El proyecto CELESTINA convierte una aparente debilidad -la localizaci\u00f3n remota y rural de sus estaciones de observaci\u00f3n- en su aut\u00e9ntica fortaleza, al tener localizaciones con baja interferencia. El acr\u00f3nimo CELESTINA y los nombres de las dos estaciones de observaci\u00f3n (MELIBEA en Peralejos y DONCEL en Sig\u00fcenza) son m\u00e1s que un simple gui\u00f1o al origen castellano-manchego del proyecto y homenaje al siglo de oro espa\u00f1ol. CELESTINA es una apuesta por la posibilidad de hacer ciencia en zonas de castilla-La Mancha, por hacer de la ciencia local un motor de desarrollo econ\u00f3mico y recuperaci\u00f3n sociodemogr\u00e1fica.<\/p>\n\n\n\n<p>El proyecto cuenta con el apoyo directo del Parque Cient\u00edfico y Tecnol\u00f3gico de Castilla-La Mancha (<a href=\"http:\/\/www.pctclm.com\" target=\"_blank\" rel=\"noreferrer noopener\">http:\/\/www.pctclm.com<\/a>) en su delegaci\u00f3n de Guadalajara y de investigadores de la Universidad de Murcia, la Universidad Polit\u00e9cnica de Cartagena, la Universidad Complutense de Madrid y la Universidad de Extremadura (ABSys, Micro-Stress).<\/p>\n","protected":false},"excerpt":{"rendered":"<p>CELESTINA (Castillian E-Callisto Leading Experimentation in Solar-Terrestrial Interaction with Novel Antennas) es un proyecto del Grupo de Investigaci\u00f3n Espacial de la Universidad de Alcal\u00e1 (http:\/\/www.srg.uah.es) que tiene como objetivo principal liderar desde Castilla-La Mancha la participaci\u00f3n y contribuci\u00f3n cient\u00edfico-t\u00e9cnica de Espa\u00f1a, como miembro permanente, a la red internacional de radiotelescopios e-CALLISTO (http:\/\/www.e-callisto.org). Esta red est\u00e1 [&hellip;]<\/p>\n","protected":false},"author":1,"featured_media":0,"parent":0,"menu_order":0,"comment_status":"closed","ping_status":"closed","template":"","meta":{"footnotes":""},"class_list":["post-31","page","type-page","status-publish","hentry"],"_links":{"self":[{"href":"https:\/\/celestina.web.uah.es\/wordpress\/wp-json\/wp\/v2\/pages\/31","targetHints":{"allow":["GET"]}}],"collection":[{"href":"https:\/\/celestina.web.uah.es\/wordpress\/wp-json\/wp\/v2\/pages"}],"about":[{"href":"https:\/\/celestina.web.uah.es\/wordpress\/wp-json\/wp\/v2\/types\/page"}],"author":[{"embeddable":true,"href":"https:\/\/celestina.web.uah.es\/wordpress\/wp-json\/wp\/v2\/users\/1"}],"replies":[{"embeddable":true,"href":"https:\/\/celestina.web.uah.es\/wordpress\/wp-json\/wp\/v2\/comments?post=31"}],"version-history":[{"count":87,"href":"https:\/\/celestina.web.uah.es\/wordpress\/wp-json\/wp\/v2\/pages\/31\/revisions"}],"predecessor-version":[{"id":765,"href":"https:\/\/celestina.web.uah.es\/wordpress\/wp-json\/wp\/v2\/pages\/31\/revisions\/765"}],"wp:attachment":[{"href":"https:\/\/celestina.web.uah.es\/wordpress\/wp-json\/wp\/v2\/media?parent=31"}],"curies":[{"name":"wp","href":"https:\/\/api.w.org\/{rel}","templated":true}]}}