{"id":116,"date":"2021-01-26T06:43:26","date_gmt":"2021-01-26T06:43:26","guid":{"rendered":"https:\/\/celestina.web.uah.es\/wordpress\/?page_id=116"},"modified":"2025-11-15T09:17:07","modified_gmt":"2025-11-15T09:17:07","slug":"recursos","status":"publish","type":"page","link":"https:\/\/celestina.web.uah.es\/wordpress\/recursos\/","title":{"rendered":"Recursos"},"content":{"rendered":"\n<p><a href=\"http:\/\/atc2.aut.uah.es\/~mprieto\/lear2fit.html\" target=\"_blank\" rel=\"noreferrer noopener\">LEAR SR2FIT. Herramienta web para la conversi\u00f3n de datos<\/a><\/p>\n\n\n\n<h2 class=\"wp-block-heading\">Descargas<\/h2>\n\n\n\n<p><\/p>\n\n\n\n<div class=\"wp-block-file\"><a id=\"wp-block-file--media-4e09d304-6497-4aee-8d6f-f6bd09a9f710\" href=\"https:\/\/celestina.web.uah.es\/wordpress\/wp-content\/uploads\/2023\/04\/LEAR_SRS2FIT-1.zip\">LEAR_SRS2FIT. Conversor ficheros SRS de Learmonth a ficheros FITs compatibles con e-Callisto<\/a><a href=\"https:\/\/celestina.web.uah.es\/wordpress\/wp-content\/uploads\/2023\/04\/LEAR_SRS2FIT-1.zip\" class=\"wp-block-file__button wp-element-button\" download aria-describedby=\"wp-block-file--media-4e09d304-6497-4aee-8d6f-f6bd09a9f710\">Descarga<\/a><\/div>\n\n\n\n<p><a href=\"http:\/\/atc2.aut.uah.es\/~mprieto\/CLP_5130_report_Prieto.pdf\">Caracterizaci\u00f3n antena CLP-5130-1N (CATECHOM, septiembre 2021. https:\/\/doi.org\/10.5281\/zenodo.5529658)<\/a><\/p>\n\n\n\n<div class=\"wp-block-file\"><a id=\"wp-block-file--media-86ee6e7a-93ba-4158-96de-40c2a23cc37b\" href=\"https:\/\/celestina.web.uah.es\/wordpress\/wp-content\/uploads\/2021\/09\/CLP5130_report.zip\">CLP5130_report_raw_data<\/a><a href=\"https:\/\/celestina.web.uah.es\/wordpress\/wp-content\/uploads\/2021\/09\/CLP5130_report.zip\" class=\"wp-block-file__button wp-element-button\" download aria-describedby=\"wp-block-file--media-86ee6e7a-93ba-4158-96de-40c2a23cc37b\">Descarga<\/a><\/div>\n\n\n\n<p><a href=\"https:\/\/celestina.web.uah.es\/wordpress\/celestina-media\/\">Media<\/a><\/p>\n\n\n\n<p><\/p>\n\n\n\n<h2 class=\"wp-block-heading\" id=\"noticias\">Noticias<\/h2>\n\n\n\n<p><\/p>\n\n\n\n<p>2022-11-07: <a href=\"https:\/\/www.marchamalo.com\/noticias\/arranca-nuestra-i-semana-de-la-ciencia-con-casi-900-estudiantes-y-seis-entidades-participantes\/\">Arranca nuestra I Semana de la Ciencia con casi 900 estudiantes y seis entidades participantes &#8211; Ayto. Marchamalo<\/a><\/p>\n\n\n\n<p>2022-04-26: <a href=\"http:\/\/micro-stress.ucm.es\/2022\/04\/26\/miembros-del-proyecto-celestina-uah-umu-presentan-dos-trabajos-sobre-deteccion-de-erupciones-solares-en-los-que-colabora-el-grupo-absys-de-micro-stress\/\" target=\"_blank\" rel=\"noreferrer noopener\">Miembros del proyecto Celestina (UAH, UMU) presentan dos trabajos sobre detecci\u00f3n de erupciones solares en los que colabora el grupo ABSys<\/a><\/p>\n\n\n\n<p>2022-02-18: <a href=\"https:\/\/www.upct.es\/destacados\/cdestacados.php?c=30&amp;ubicacion=general&amp;id_buscar=14110\" target=\"_blank\" rel=\"noreferrer noopener\">Estudiantes de la UPCT dise\u00f1an antenas para localizar tormentas solares<\/a><\/p>\n\n\n\n<p>2021-07-31: <a rel=\"noreferrer noopener\" href=\"http:\/\/micro-stress.ucm.es\/2021\/07\/31\/mario-fernandez-ruiz-defiende-su-trabajo-de-fin-de-grado-aplicacion-de-deteccion-automatica-de-erupciones-solares-por-e-callisto-con-redes-neuronales\/\" target=\"_blank\">Mario Fern\u00e1ndez Ruiz defiende su Trabajo de Fin de Grado \u00abAplicaci\u00f3n de detecci\u00f3n autom\u00e1tica de erupciones solares por e-Callisto con redes neuronales\u00bb<\/a><\/p>\n\n\n\n<h2 class=\"wp-block-heading\" id=\"publicaciones\">Publicaciones<\/h2>\n\n\n\n<p>Frequency-Scanning Waveguide Antenna for Solar Radio Bursts Detection in the UHF Band. EEE Open Journal of Antennas and Propagation, vol. 6, no. 5, pp. 1535-1548, Oct. 2025. DOI: 10.1109\/OJAP.2025.3589448. Jos\u00e9 Luis G\u00f3mez-Tornero; Alejandro Rabad\u00e1n-Parra; Alejandro Gil-Mart\u00ednez; David Ca\u00f1ete-Rebenaque; Javier Bussons-Gordo; Christian Monstein. <\/p>\n\n\n\n<p>Automatic Burst Detection in Solar Radio Spectrograms Using Deep Learning: deARCE Method. Solar Physics. 2023-06. DOI: 10.1007\/s11207-023-02171-0. Javier Bussons Gordo; Mario Fern\u00e1ndez Ruiz; Manuel Prieto Mateo; Jorge Alvarado D\u00edaz; Francisco Ch\u00e1vez de la O; J. Ignacio Hidalgo; Christian Monstein<\/p>\n\n\n\n<p>Towards a next-generation eCallisto network. Javier Bussons. CESRA Workshop 2023, Radio emission from the Sun to the Earth. University of Hertfordshire, UK.<a href=\" https:\/\/star.herts.ac.uk\/cesra\/\"> https:\/\/star.herts.ac.uk\/cesra\/<\/a><\/p>\n\n\n\n<p>deARCE solar burst detection system applied to unlabeled e-Callisto data. Mario Fernandez, Javier Bussons, Manuel Prieto. International workshop on machine learning and computer vision in heliophysics. Sofia. <a href=\"https:\/\/mida.unige.it\/MCH23_sofia\">https:\/\/mida.unige.it\/MCH23_sofia<\/a><\/p>\n\n\n\n<p><a href=\"http:\/\/atc2.aut.uah.es\/~mprieto\/jbgPosterCOSPAR_TW261.pdf\">44th COSPAR Scientific Assembly<\/a>, Atenas, Grecia, 16-24 julio 2022. Towards an automated e-Callisto radio burst identification and event reporting system for the space weather community. Javier Bussons Gordo; Mario Fern\u00e1ndez Ruiz, Manuel Prieto Mateo; Christian Monstein. <\/p>\n\n\n\n<p><a href=\"http:\/\/atc2.aut.uah.es\/~mprieto\/Poster_bienal.pdf\">XXXVIII Reuni\u00f3n Bienal de la Real Sociedad Espa\u00f1ola de F\u00edsica<\/a>. Murcia, 11-15 de julio de 2022<br>Automatic solar burst detection and classification. Carlos Yanguas Dur\u00e1n, Manuel Prieto, Javier Bussons, Mario Fern\u00e1ndez Ruiz, Pablo Mu\u00f1oz Mart\u00ednez. <\/p>\n\n\n\n<p>F. R. Mario, B. G. Javier, P. M. Manuel and M. Christian, \u00abAutomatic detection of e-Callisto solar radio bursts by Deep Neural Networks,\u00bb 2022 3rd URSI Atlantic and Asia Pacific Radio Science Meeting (AT-AP-RASC), 2022, pp. 1-4, doi: 10.23919\/AT-AP-RASC54737.2022.9814298.<\/p>\n\n\n\n<p>3rd URSI AT-AP-RASC, Gran Canaria, 29 May \u2013 3 June 2022. Automatic Sun Burst Detection in Radio Spectra Data Based on Computer Vision Techniques. Felekten Pinar, Mine, Prieto Mateo, Manuel, Fern\u00e1ndez Ruiz, Mario, Bussons Gordo, Javier and Monstein, Christian<\/p>\n\n\n\n<p>Prieto, M., Bussons Gordo, J., Rodr\u00edguez-Pacheco, J. <em>et al.<\/em> Increase in Interference Levels in the 45\u2009\u2013\u2009870 MHz Band at the Spanish e-CALLISTO Sites over the Years 2012 and 2019. <em>Sol Phys<\/em> <strong>295, <\/strong>11 (2020). <a href=\"https:\/\/doi.org\/10.1007\/s11207-019-1577-5\" target=\"_blank\" rel=\"noreferrer noopener\">https:\/\/doi.org\/10.1007\/s11207-019-1577-5<\/a><\/p>\n\n\n\n<p>Andr\u00e9s Russu Berlanga; Ra\u00fal G\u00f3mez-Herrero; Manuel Prieto Mateo; C. Monstein; Hristo Ivanov Ivanov; Javier Rodr\u00edguez-Pacheco Mart\u00edn; Juan Jos\u00e9 Blanco \u00c1valos. A year of operation of Melibea e-Callisto Solar Radio Telescope. Journal of Physics: Conference Series. 632, 08\/2015. ISSN 1742-6588. <a rel=\"noreferrer noopener\" href=\"https:\/\/doi.org\/10.1088\/1742-6596\/632\/1\/012078\" target=\"_blank\">https:\/\/doi.org\/10.1088\/1742-6596\/632\/1\/012078<\/a><\/p>\n\n\n\n<p>Andr\u00e9s Russu Berlanga; Ra\u00fal G\u00f3mez-Herrero; Manuel Prieto Mateo; Javier Rodr\u00edguez-Pacheco Mart\u00edn; C. Monstein; Juan Jos\u00e9 Blanco \u00c1valos. EA4RKU-SRT, the first e-Callisto Solar Radio Telescope operational in Spain. 33rd International Cosmic Ray Conference (ICRC2013).<\/p>\n\n\n\n<p>Martinez-Ros A.J., J.L. Gomez-Tornero, G. Goussetis, Planar leaky-wave antenna with flexible control of the complex propagation constant, IEEE Trans. on Antennas and Propagation 60 (3), 1625-1630 (2012).<\/p>\n\n\n\n<p>Gomez-Tornero et al., Interactive lab to learn radio astronomy, microwave &amp; antenna engineering at the Technical University Of Cartagena (Spain), International Journal of Online Engineering (iJOE), vol 7, no. 1, doi:10.3991\/ijoe.v7i1.1523. (2011)<br><\/p>\n\n\n\n<p>Gomez-Tornero et al., Development of a small radio telescope at the Technical University of Cartagena, IEEE EDUCON Education Engineering, pp.1195-1201 (2010).<\/p>\n\n\n\n<p>Gomez-Tornero et al.., Design of tapered leaky-wave antennas in hybrid waveguide-planar technology for millimeter waveband applications, IEEE Trans. on Antennas and Propagation 53 (8), 2563-2577 (2005).<br><\/p>\n\n\n\n<p><\/p>\n\n\n\n<h2 class=\"wp-block-heading\" id=\"enlaces\">Enlaces<\/h2>\n\n\n\n<p><\/p>\n\n\n\n<ul class=\"wp-block-list\">\n<li><a rel=\"noreferrer noopener\" href=\"http:\/\/www.e-callisto.org\/\" target=\"_blank\">Red e-Callisto<\/a><\/li>\n\n\n\n<li><a rel=\"noreferrer noopener\" href=\"http:\/\/secchirh.obspm.fr\/\" target=\"_blank\">Secchirh (obspm.fr)<\/a><\/li>\n\n\n\n<li><a rel=\"noreferrer noopener\" href=\"https:\/\/www.ngdc.noaa.gov\/stp\/solar\/solarradio.html\" target=\"_blank\">NOAA Solar Radio Data<\/a><\/li>\n\n\n\n<li><a rel=\"noreferrer noopener\" href=\"https:\/\/www.astro.gla.ac.uk\/users\/eduard\/cesra\/?page_id=187\" target=\"_blank\">CESRA<\/a><\/li>\n\n\n\n<li><a rel=\"noreferrer noopener\" href=\"https:\/\/www.swpc.noaa.gov\/\" target=\"_blank\">NOAA Space Weather Prediction<\/a><\/li>\n\n\n\n<li><a href=\"https:\/\/www.swpc.noaa.gov\/products\/solar-and-geophysical-event-reports\">Solar and Geophysical Event Reports | NOAA \/ NWS Space Weather Prediction Center<\/a><\/li>\n\n\n\n<li><a href=\"https:\/\/www.sws.bom.gov.au\/Solar\/3\/2\/1\">SWS &#8211; Learmonth Observatory &#8211; Real Time (bom.gov.au)<\/a><\/li>\n\n\n\n<li><a rel=\"noreferrer noopener\" href=\"https:\/\/spaceweather.ca\/solarflux\/sx-4-en.php\" target=\"_blank\">Flujo de radio solar Penticton (Canad\u00e1)<\/a><\/li>\n\n\n\n<li><a href=\"https:\/\/www.swpc.noaa.gov\/products\/solar-cycle-progression\" target=\"_blank\" rel=\"noreferrer noopener\">Solar Cycle Progression | NOAA \/ NWS Space Weather Prediction Center<\/a><\/li>\n<\/ul>\n\n\n\n<p><\/p>\n","protected":false},"excerpt":{"rendered":"<p>LEAR SR2FIT. Herramienta web para la conversi\u00f3n de datos Descargas Caracterizaci\u00f3n antena CLP-5130-1N (CATECHOM, septiembre 2021. https:\/\/doi.org\/10.5281\/zenodo.5529658) Media Noticias 2022-11-07: Arranca nuestra I Semana de la Ciencia con casi 900 estudiantes y seis entidades participantes &#8211; Ayto. Marchamalo 2022-04-26: Miembros del proyecto Celestina (UAH, UMU) presentan dos trabajos sobre detecci\u00f3n de erupciones solares en los [&hellip;]<\/p>\n","protected":false},"author":1,"featured_media":0,"parent":0,"menu_order":0,"comment_status":"closed","ping_status":"closed","template":"","meta":{"footnotes":""},"class_list":["post-116","page","type-page","status-publish","hentry"],"_links":{"self":[{"href":"https:\/\/celestina.web.uah.es\/wordpress\/wp-json\/wp\/v2\/pages\/116","targetHints":{"allow":["GET"]}}],"collection":[{"href":"https:\/\/celestina.web.uah.es\/wordpress\/wp-json\/wp\/v2\/pages"}],"about":[{"href":"https:\/\/celestina.web.uah.es\/wordpress\/wp-json\/wp\/v2\/types\/page"}],"author":[{"embeddable":true,"href":"https:\/\/celestina.web.uah.es\/wordpress\/wp-json\/wp\/v2\/users\/1"}],"replies":[{"embeddable":true,"href":"https:\/\/celestina.web.uah.es\/wordpress\/wp-json\/wp\/v2\/comments?post=116"}],"version-history":[{"count":57,"href":"https:\/\/celestina.web.uah.es\/wordpress\/wp-json\/wp\/v2\/pages\/116\/revisions"}],"predecessor-version":[{"id":776,"href":"https:\/\/celestina.web.uah.es\/wordpress\/wp-json\/wp\/v2\/pages\/116\/revisions\/776"}],"wp:attachment":[{"href":"https:\/\/celestina.web.uah.es\/wordpress\/wp-json\/wp\/v2\/media?parent=116"}],"curies":[{"name":"wp","href":"https:\/\/api.w.org\/{rel}","templated":true}]}}