{"id":110,"date":"2021-01-26T06:42:26","date_gmt":"2021-01-26T06:42:26","guid":{"rendered":"https:\/\/celestina.web.uah.es\/wordpress\/?page_id=110"},"modified":"2021-07-09T09:34:49","modified_gmt":"2021-07-09T09:34:49","slug":"doncel","status":"publish","type":"page","link":"https:\/\/celestina.web.uah.es\/wordpress\/doncel\/","title":{"rendered":"DONCEL"},"content":{"rendered":"\n<p>Sig\u00fcenza, ciudad medieval, sede episcopal y universitaria de c\u00f3modo acceso desde Madrid, Zaragoza y Barcelona es el segundo mayor destino tur\u00edstico de Castilla &#8211; La Mancha. El emplazamiento del radiotelescopio <a rel=\"noreferrer noopener\" href=\"https:\/\/goo.gl\/maps\/548Wpf92Fzvp9Ryi8\" target=\"_blank\">(41.07 N, 2.64 O)<\/a> se sit\u00faa en la Casa del Doncel, propiedad de la Universidad de Alcal\u00e1 de Henares (UAH). Es patrimonio emblem\u00e1tico de la ciudad, restaurado e inaugurado en 2002 como \u201cCentro de Pr\u00e1cticas Docentes Universitarias\u201d.<\/p>\n\n\n\n<div class=\"wp-block-image\"><figure class=\"aligncenter size-large\"><img loading=\"lazy\" decoding=\"async\" width=\"1024\" height=\"576\" src=\"https:\/\/celestina.web.uah.es\/wordpress\/wp-content\/uploads\/2021\/03\/IMG_1387-1024x576.jpg\" alt=\"\" class=\"wp-image-436\" srcset=\"https:\/\/celestina.web.uah.es\/wordpress\/wp-content\/uploads\/2021\/03\/IMG_1387-1024x576.jpg 1024w, https:\/\/celestina.web.uah.es\/wordpress\/wp-content\/uploads\/2021\/03\/IMG_1387-300x169.jpg 300w, https:\/\/celestina.web.uah.es\/wordpress\/wp-content\/uploads\/2021\/03\/IMG_1387-768x432.jpg 768w, https:\/\/celestina.web.uah.es\/wordpress\/wp-content\/uploads\/2021\/03\/IMG_1387-1536x864.jpg 1536w, https:\/\/celestina.web.uah.es\/wordpress\/wp-content\/uploads\/2021\/03\/IMG_1387.jpg 1920w\" sizes=\"auto, (max-width: 1024px) 100vw, 1024px\" \/><figcaption>Vista desde la terraza de la Casa del Doncel<\/figcaption><\/figure><\/div>\n\n\n\n<p>Sig\u00fcenza cuenta con un impresionante patrimonio cultural, hist\u00f3rico, art\u00edstico, etnogr\u00e1fico, universitario y natural, hechos que la convierten en lugar ideal para comunicar la ciencia a la sociedad. La actividad investigadora y divulgativa resultante de la puesta en marcha del nuevo radio-espectr\u00f3metro en el complejo seguntino de la UAH, que adem\u00e1s de la Casa del Doncel cuenta con la Hospeder\u00eda Portacoeli para la celebraci\u00f3n de congresos, reuniones y otros eventos, supondr\u00e1 la revitalizaci\u00f3n del campus de la UAH en Sig\u00fcenza y de la multicentenaria actividad universitaria y acad\u00e9mica de esta ciudad medieval y de toda la Sierra Norte, tan anhelada por sus habitantes y apreciada por sus visitantes. Tampoco hay que olvidar la calidad de los cielos nocturnos en Sig\u00fcenza y alrededores, localizaciones ideales para la divulgaci\u00f3n de la astronom\u00eda. En el <a rel=\"noreferrer noopener\" href=\"https:\/\/tess.dashboards.stars4all.eu\/d\/datasheet_stars641\/stars641?orgId=1\" target=\"_blank\">siguiente enlace<\/a> se puede ver la medida de iluminaci\u00f3n ambiental gracias a la instalaci\u00f3n de un fot\u00f3metro TESS-W de la Universidad Complutense de Madrid, dentro de la iniciativa <a rel=\"noreferrer noopener\" href=\"https:\/\/stars4all.eu\/?lang=es\" target=\"_blank\">Stars4all<\/a> y la la <a rel=\"noreferrer noopener\" href=\"https:\/\/www.fundacionstarlight.org\/\" target=\"_blank\">Fundaci\u00f3n Starlight<\/a>. El nodo de la Casa del Doncel cuenta adem\u00e1s con una estaci\u00f3n meteorol\u00f3gica Davis Vantage Vue, cuyos datos est\u00e1n disponibles <a rel=\"noreferrer noopener\" href=\"https:\/\/www.wunderground.com\/dashboard\/pws\/ISIGEN3\" target=\"_blank\">aqu\u00ed<\/a>.<\/p>\n\n\n\n\t\t<div class=\"react-webcam\"\n\t\t\tdata-ajax-url=\"https:\/\/celestina.web.uah.es\/wordpress\/wp-admin\/admin-ajax.php\"\n\t\t\tdata-images-root-url=\"https:\/\/celestina.web.uah.es\/wordpress\/wp-content\/uploads\/webcam\/doncel\/\"\n\t\t\tdata-subdir=\"doncel\"\n\t\t\tdata-initial-image-filename=\"\"\n\t\t\tdata-refresh-interval=\"30\">\n\t\t\t<center><img decoding=\"async\" src=\"https:\/\/celestina.web.uah.es\/wordpress\/wp-content\/uploads\/webcam\/doncel\/\" title=\"\"\/><\/center>\n\t\t\t<center><\/center>\n\t\t<\/div>\n","protected":false},"excerpt":{"rendered":"<p>Sig\u00fcenza, ciudad medieval, sede episcopal y universitaria de c\u00f3modo acceso desde Madrid, Zaragoza y Barcelona es el segundo mayor destino tur\u00edstico de Castilla &#8211; La Mancha. El emplazamiento del radiotelescopio (41.07 N, 2.64 O) se sit\u00faa en la Casa del Doncel, propiedad de la Universidad de Alcal\u00e1 de Henares (UAH). Es patrimonio emblem\u00e1tico de la [&hellip;]<\/p>\n","protected":false},"author":1,"featured_media":0,"parent":0,"menu_order":0,"comment_status":"closed","ping_status":"closed","template":"","meta":{"footnotes":""},"class_list":["post-110","page","type-page","status-publish","hentry"],"_links":{"self":[{"href":"https:\/\/celestina.web.uah.es\/wordpress\/wp-json\/wp\/v2\/pages\/110","targetHints":{"allow":["GET"]}}],"collection":[{"href":"https:\/\/celestina.web.uah.es\/wordpress\/wp-json\/wp\/v2\/pages"}],"about":[{"href":"https:\/\/celestina.web.uah.es\/wordpress\/wp-json\/wp\/v2\/types\/page"}],"author":[{"embeddable":true,"href":"https:\/\/celestina.web.uah.es\/wordpress\/wp-json\/wp\/v2\/users\/1"}],"replies":[{"embeddable":true,"href":"https:\/\/celestina.web.uah.es\/wordpress\/wp-json\/wp\/v2\/comments?post=110"}],"version-history":[{"count":28,"href":"https:\/\/celestina.web.uah.es\/wordpress\/wp-json\/wp\/v2\/pages\/110\/revisions"}],"predecessor-version":[{"id":583,"href":"https:\/\/celestina.web.uah.es\/wordpress\/wp-json\/wp\/v2\/pages\/110\/revisions\/583"}],"wp:attachment":[{"href":"https:\/\/celestina.web.uah.es\/wordpress\/wp-json\/wp\/v2\/media?parent=110"}],"curies":[{"name":"wp","href":"https:\/\/api.w.org\/{rel}","templated":true}]}}